{"id":4026,"date":"2022-11-03T15:45:17","date_gmt":"2022-11-03T14:45:17","guid":{"rendered":"https:\/\/www.enrichproject.it\/?page_id=4026"},"modified":"2024-10-25T10:25:55","modified_gmt":"2024-10-25T08:25:55","slug":"listituto-nazionale-di-geofisica-e-vulcanologia","status":"publish","type":"page","link":"https:\/\/www.enrichproject.it\/en\/listituto-nazionale-di-geofisica-e-vulcanologia\/","title":{"rendered":"L\u2019Istituto Nazionale di Geofisica e Vulcanologia"},"content":{"rendered":"\t\t<div data-elementor-type=\"wp-page\" data-elementor-id=\"4026\" class=\"elementor elementor-4026\" data-elementor-post-type=\"page\">\n\t\t\t\t\t\t<section class=\"elementor-section elementor-top-section elementor-element elementor-element-bfc8fcf elementor-section-stretched elementor-section-boxed elementor-section-height-default elementor-section-height-default elementor-invisible\" data-id=\"bfc8fcf\" data-element_type=\"section\" data-e-type=\"section\" data-settings=\"{&quot;stretch_section&quot;:&quot;section-stretched&quot;,&quot;background_background&quot;:&quot;classic&quot;,&quot;animation&quot;:&quot;fadeIn&quot;}\">\n\t\t\t\t\t\t<div class=\"elementor-container elementor-column-gap-wider\">\n\t\t\t\t\t<div class=\"elementor-column elementor-col-100 elementor-top-column elementor-element elementor-element-c97778b\" data-id=\"c97778b\" data-element_type=\"column\" data-e-type=\"column\">\n\t\t\t<div class=\"elementor-widget-wrap elementor-element-populated\">\n\t\t\t\t\t\t<div class=\"elementor-element elementor-element-6dd46d3 elementor-invisible elementor-widget elementor-widget-text-editor\" data-id=\"6dd46d3\" data-element_type=\"widget\" data-e-type=\"widget\" data-settings=\"{&quot;_animation&quot;:&quot;fadeIn&quot;}\" data-widget_type=\"text-editor.default\">\n\t\t\t\t<div class=\"elementor-widget-container\">\n\t\t\t\t\t\t\t\t\t<h3>L\u2019ISTITUTO NAZIONALE DI GEOFISICA E VULCANOLOGIA<\/h3>\t\t\t\t\t\t\t\t<\/div>\n\t\t\t\t<\/div>\n\t\t\t\t<section class=\"elementor-section elementor-inner-section elementor-element elementor-element-aa3750b elementor-reverse-mobile elementor-section-boxed elementor-section-height-default elementor-section-height-default elementor-invisible\" data-id=\"aa3750b\" data-element_type=\"section\" data-e-type=\"section\" data-settings=\"{&quot;animation&quot;:&quot;fadeIn&quot;}\">\n\t\t\t\t\t\t<div class=\"elementor-container elementor-column-gap-default\">\n\t\t\t\t\t<div class=\"elementor-column elementor-col-50 elementor-inner-column elementor-element elementor-element-8d39ee1\" data-id=\"8d39ee1\" data-element_type=\"column\" data-e-type=\"column\">\n\t\t\t<div class=\"elementor-widget-wrap elementor-element-populated\">\n\t\t\t\t\t\t<div class=\"elementor-element elementor-element-841a2f5 elementor-widget elementor-widget-text-editor\" data-id=\"841a2f5\" data-element_type=\"widget\" data-e-type=\"widget\" data-widget_type=\"text-editor.default\">\n\t\t\t\t<div class=\"elementor-widget-container\">\n\t\t\t\t\t\t\t\t\t<p style=\"text-align: left;\">L\u2019<a href=\"https:\/\/www.ingv.it\/\">Istituto Nazionale di Geofisica e Vulcanologia<\/a> \u00e8 partner del progetto ENRICH con l\u2019Unit\u00e0 di Ricerca 4 che si occupa della comunicazione al grande pubblico ed in particolare alle strutture sanitarie.<\/p><p style=\"text-align: left;\">L\u2019unit\u00e0 di ricerca 4 (UR4) \u00e8 composta da esperti in comunicazione delle Scienze della Terra e del Rischio Sismico provenienti da vari ambiti disciplinari: <a href=\"https:\/\/www.ingv.it\/it\/organizzazione\/chi-siamo\/personale\/#544\">Gemma Musacchio<\/a> \u00e8 sismologa geologa e coordina l\u2019unit\u00e0 di ricerca, <a href=\"https:\/\/www.ingv.it\/it\/organizzazione\/chi-siamo\/personale\/#189\">Massimo Crescimbene<\/a> \u00e8 psicologo, <a href=\"https:\/\/www.ingv.it\/it\/organizzazione\/chi-siamo\/personale\/#44\">Danilo Reitano<\/a> \u00e8 ingegnere, <a href=\"https:\/\/www.ingv.it\/it\/organizzazione\/chi-siamo\/personale\/#643\">Nicola Alessandro Pino<\/a> \u00e8 sismologo fisico. Essa si avvale del supporto del Laboratorio di Grafica e immagini dell\u2019INGV attraverso la collaborazione delle grafiche Daniela Riposati, Patrizia Battelli e Francesca di Laura.<\/p><p style=\"text-align: left;\">L\u2019obiettivo della UR4 \u00e8 sensibilizzare il personale ospedaliero ai princ\u00ecpi di resilienza sismica, vale a dire alla capacit\u00e0 di ritornare in una condizione di normale funzionamento dopo un terremoto, per facilitare l\u2019introduzione di linee guida sulla riduzione della vulnerabilit\u00e0 dei componenti non strutturali e l\u2019aumento della loro flessibilit\u00e0 di funzionamento, prodotte dal progetto.<\/p><p style=\"text-align: left;\">Il personale delle strutture ospedaliere di siti pilota sar\u00e0 parte attiva e collaborativa nella comunicazione del rischio. Saranno condotti studi di percezione del rischio con somministrazione di un questionario e realizzazione di focus group.<\/p><p style=\"text-align: left;\">L\u2019unit\u00e0 di ricerca 4 produrr\u00e0 materiale informativo, in forma di opuscoli e volantini, che sar\u00e0 scaricabile gratuitamente dal sito web. A questo si aggiunger\u00e0 una App con la quale l\u2019utente identificher\u00e0 egli stesso i componenti non strutturali che avr\u00e0 lo scopo di informare ma soprattutto di sensibilizzare il personale sanitario alla riduzione della loro vulnerabilit\u00e0 e migliorarne la flessibilit\u00e0 operazionale.<\/p>\t\t\t\t\t\t\t\t<\/div>\n\t\t\t\t<\/div>\n\t\t\t\t\t<\/div>\n\t\t<\/div>\n\t\t\t\t<div class=\"elementor-column elementor-col-50 elementor-inner-column elementor-element elementor-element-478eb55\" data-id=\"478eb55\" data-element_type=\"column\" data-e-type=\"column\">\n\t\t\t<div class=\"elementor-widget-wrap elementor-element-populated\">\n\t\t\t\t\t\t<div class=\"elementor-element elementor-element-48df832 elementor-hidden-desktop elementor-hidden-tablet elementor-widget elementor-widget-image\" data-id=\"48df832\" data-element_type=\"widget\" data-e-type=\"widget\" data-widget_type=\"image.default\">\n\t\t\t\t<div class=\"elementor-widget-container\">\n\t\t\t\t\t\t\t\t\t\t\t\t\t\t\t\t<a href=\"https:\/\/www.ingv.it\/\" target=\"_blank\">\n\t\t\t\t\t\t\t<img fetchpriority=\"high\" decoding=\"async\" width=\"300\" height=\"200\" src=\"https:\/\/www.enrichproject.it\/wp-content\/uploads\/2022\/10\/ingv_home-1.png\" class=\"attachment-medium size-medium wp-image-2263\" alt=\"\" srcset=\"https:\/\/www.enrichproject.it\/wp-content\/uploads\/2022\/10\/ingv_home-1.png 300w, https:\/\/www.enrichproject.it\/wp-content\/uploads\/2022\/10\/ingv_home-1-219x146.png 219w, https:\/\/www.enrichproject.it\/wp-content\/uploads\/2022\/10\/ingv_home-1-50x33.png 50w, https:\/\/www.enrichproject.it\/wp-content\/uploads\/2022\/10\/ingv_home-1-113x75.png 113w\" sizes=\"(max-width:767px) 300px, 300px\" \/>\t\t\t\t\t\t\t\t<\/a>\n\t\t\t\t\t\t\t\t\t\t\t\t\t\t\t<\/div>\n\t\t\t\t<\/div>\n\t\t\t\t<div class=\"elementor-element elementor-element-4fd7615 elementor-hidden-mobile elementor-widget elementor-widget-image\" data-id=\"4fd7615\" data-element_type=\"widget\" data-e-type=\"widget\" data-widget_type=\"image.default\">\n\t\t\t\t<div class=\"elementor-widget-container\">\n\t\t\t\t\t\t\t\t\t\t\t\t\t\t\t\t<a href=\"https:\/\/www.ingv.it\/\" target=\"_blank\">\n\t\t\t\t\t\t\t<img decoding=\"async\" width=\"300\" height=\"200\" src=\"https:\/\/www.enrichproject.it\/wp-content\/uploads\/2022\/10\/ingv_home-1.png\" class=\"attachment-large size-large wp-image-2263\" alt=\"\" srcset=\"https:\/\/www.enrichproject.it\/wp-content\/uploads\/2022\/10\/ingv_home-1.png 300w, https:\/\/www.enrichproject.it\/wp-content\/uploads\/2022\/10\/ingv_home-1-219x146.png 219w, https:\/\/www.enrichproject.it\/wp-content\/uploads\/2022\/10\/ingv_home-1-50x33.png 50w, https:\/\/www.enrichproject.it\/wp-content\/uploads\/2022\/10\/ingv_home-1-113x75.png 113w\" sizes=\"(max-width:767px) 300px, 300px\" \/>\t\t\t\t\t\t\t\t<\/a>\n\t\t\t\t\t\t\t\t\t\t\t\t\t\t\t<\/div>\n\t\t\t\t<\/div>\n\t\t\t\t\t<\/div>\n\t\t<\/div>\n\t\t\t\t\t<\/div>\n\t\t<\/section>\n\t\t\t\t<section class=\"elementor-section elementor-inner-section elementor-element elementor-element-51a3ea9 elementor-section-content-middle elementor-section-boxed elementor-section-height-default elementor-section-height-default elementor-invisible\" data-id=\"51a3ea9\" data-element_type=\"section\" data-e-type=\"section\" data-settings=\"{&quot;animation&quot;:&quot;fadeIn&quot;}\">\n\t\t\t\t\t\t<div class=\"elementor-container elementor-column-gap-wider\">\n\t\t\t\t\t<div class=\"elementor-column elementor-col-100 elementor-inner-column elementor-element elementor-element-e2ffb6c\" data-id=\"e2ffb6c\" data-element_type=\"column\" data-e-type=\"column\">\n\t\t\t<div class=\"elementor-widget-wrap elementor-element-populated\">\n\t\t\t\t\t\t<div class=\"elementor-element elementor-element-405759c elementor-widget elementor-widget-text-editor\" data-id=\"405759c\" data-element_type=\"widget\" data-e-type=\"widget\" data-widget_type=\"text-editor.default\">\n\t\t\t\t<div class=\"elementor-widget-container\">\n\t\t\t\t\t\t\t\t\t<h4>Link utili:<\/h4>\t\t\t\t\t\t\t\t<\/div>\n\t\t\t\t<\/div>\n\t\t\t\t<div class=\"elementor-element elementor-element-352e698 elementor-widget elementor-widget-text-editor\" data-id=\"352e698\" data-element_type=\"widget\" data-e-type=\"widget\" data-widget_type=\"text-editor.default\">\n\t\t\t\t<div class=\"elementor-widget-container\">\n\t\t\t\t\t\t\t\t\t<p>Di seguito trovate una selezione di prodotti relativi alle tematiche e obiettivi del progetto, realizzati in passato dal gruppo di lavoro di questa unit\u00e0 di ricerca:<\/p>\t\t\t\t\t\t\t\t<\/div>\n\t\t\t\t<\/div>\n\t\t\t\t<div class=\"elementor-element elementor-element-0d2490f elementor-mobile-align-start elementor-icon-list--layout-traditional elementor-list-item-link-full_width elementor-widget elementor-widget-icon-list\" data-id=\"0d2490f\" data-element_type=\"widget\" data-e-type=\"widget\" data-widget_type=\"icon-list.default\">\n\t\t\t\t<div class=\"elementor-widget-container\">\n\t\t\t\t\t\t\t<ul class=\"elementor-icon-list-items\">\n\t\t\t\t\t\t\t<li class=\"elementor-icon-list-item\">\n\t\t\t\t\t\t\t\t\t\t\t<a href=\"http:\/\/www.terremototest.it\/\" target=\"_blank\">\n\n\t\t\t\t\t\t\t\t\t\t\t\t<span class=\"elementor-icon-list-icon\">\n\t\t\t\t\t\t\t<i aria-hidden=\"true\" class=\"fas fa-angle-right\"><\/i>\t\t\t\t\t\t<\/span>\n\t\t\t\t\t\t\t\t\t\t<span class=\"elementor-icon-list-text\">Questionario sulla percezione del rischio sismico;<\/span>\n\t\t\t\t\t\t\t\t\t\t\t<\/a>\n\t\t\t\t\t\t\t\t\t<\/li>\n\t\t\t\t\t\t\t\t<li class=\"elementor-icon-list-item\">\n\t\t\t\t\t\t\t\t\t\t\t<a href=\"https:\/\/knowriskproject.com\/wp-content\/uploads\/2018\/02\/pg-it-1feb.pdf\" target=\"_blank\">\n\n\t\t\t\t\t\t\t\t\t\t\t\t<span class=\"elementor-icon-list-icon\">\n\t\t\t\t\t\t\t<i aria-hidden=\"true\" class=\"fas fa-angle-right\"><\/i>\t\t\t\t\t\t<\/span>\n\t\t\t\t\t\t\t\t\t\t<span class=\"elementor-icon-list-text\">Guida Pratica per il cittadino sulla riduzione della vulnerabilit\u00e0 dei componenti non strutturali, principalmente arredi;<\/span>\n\t\t\t\t\t\t\t\t\t\t\t<\/a>\n\t\t\t\t\t\t\t\t\t<\/li>\n\t\t\t\t\t\t\t\t<li class=\"elementor-icon-list-item\">\n\t\t\t\t\t\t\t\t\t\t\t<a href=\"https:\/\/play.google.com\/store\/apps\/details?id=it.ingv.tefranet&#038;hl=en_US&#038;gl=IT\" target=\"_blank\">\n\n\t\t\t\t\t\t\t\t\t\t\t\t<span class=\"elementor-icon-list-icon\">\n\t\t\t\t\t\t\t<i aria-hidden=\"true\" class=\"fas fa-angle-right\"><\/i>\t\t\t\t\t\t<\/span>\n\t\t\t\t\t\t\t\t\t\t<span class=\"elementor-icon-list-text\">Tefranet raccoglie informazioni prodotte dai cittadini in tempo reale sulla ricaduta di cenere e lapilli vulcanici al verificarsi di un evento eruttivo. \u00c8 un esempio di App dedicata alla Citizen Science a cui si ispirer\u00e0 il progetto ENRICH;<\/span>\n\t\t\t\t\t\t\t\t\t\t\t<\/a>\n\t\t\t\t\t\t\t\t\t<\/li>\n\t\t\t\t\t\t\t\t<li class=\"elementor-icon-list-item\">\n\t\t\t\t\t\t\t\t\t\t\t<a href=\"https:\/\/www.ingv.it\/it\/musei-e-mostre\/mostre\/terremoti-attenti-agli-elementi#foto\" target=\"_blank\">\n\n\t\t\t\t\t\t\t\t\t\t\t\t<span class=\"elementor-icon-list-icon\">\n\t\t\t\t\t\t\t<i aria-hidden=\"true\" class=\"fas fa-angle-right\"><\/i>\t\t\t\t\t\t<\/span>\n\t\t\t\t\t\t\t\t\t\t<span class=\"elementor-icon-list-text\">Terremoti: Attenti agli elementi! - Dettagli che salvano la vita. \u00c8 una mostra presentata alla XVII edizione del Festival della Scienza di Genova sul tema della vulnerabilit\u00e0 sismica dei componenti strutturali e non-strutturali;<\/span>\n\t\t\t\t\t\t\t\t\t\t\t<\/a>\n\t\t\t\t\t\t\t\t\t<\/li>\n\t\t\t\t\t\t\t\t<li class=\"elementor-icon-list-item\">\n\t\t\t\t\t\t\t\t\t\t\t<a href=\"https:\/\/www.youtube.com\/watch?v=RdA_CTM4fVI\" target=\"_blank\">\n\n\t\t\t\t\t\t\t\t\t\t\t\t<span class=\"elementor-icon-list-icon\">\n\t\t\t\t\t\t\t<i aria-hidden=\"true\" class=\"fas fa-angle-right\"><\/i>\t\t\t\t\t\t<\/span>\n\t\t\t\t\t\t\t\t\t\t<span class=\"elementor-icon-list-text\">Terremoti: Attenti agli Elementi! - Dettagli che salvano la vita. \u00c8 un video di sensibilizzazione alla riduzione del rischio sismico;<\/span>\n\t\t\t\t\t\t\t\t\t\t\t<\/a>\n\t\t\t\t\t\t\t\t\t<\/li>\n\t\t\t\t\t\t<\/ul>\n\t\t\t\t\t\t<\/div>\n\t\t\t\t<\/div>\n\t\t\t\t\t<\/div>\n\t\t<\/div>\n\t\t\t\t\t<\/div>\n\t\t<\/section>\n\t\t\t\t\t<\/div>\n\t\t<\/div>\n\t\t\t\t\t<\/div>\n\t\t<\/section>\n\t\t\t\t<\/div>\n\t\t","protected":false},"excerpt":{"rendered":"<p>L\u2019ISTITUTO NAZIONALE DI GEOFISICA E VULCANOLOGIA L\u2019Istituto Nazionale di Geofisica e Vulcanologia \u00e8 partner del progetto ENRICH con l\u2019Unit\u00e0 di Ricerca 4 che si occupa della<span class=\"excerpt-hellip\"> [\u2026]<\/span><\/p>\n","protected":false},"author":1,"featured_media":0,"parent":0,"menu_order":0,"comment_status":"closed","ping_status":"closed","template":"","meta":{"footnotes":""},"class_list":["post-4026","page","type-page","status-publish","hentry"],"_links":{"self":[{"href":"https:\/\/www.enrichproject.it\/en\/wp-json\/wp\/v2\/pages\/4026","targetHints":{"allow":["GET"]}}],"collection":[{"href":"https:\/\/www.enrichproject.it\/en\/wp-json\/wp\/v2\/pages"}],"about":[{"href":"https:\/\/www.enrichproject.it\/en\/wp-json\/wp\/v2\/types\/page"}],"author":[{"embeddable":true,"href":"https:\/\/www.enrichproject.it\/en\/wp-json\/wp\/v2\/users\/1"}],"replies":[{"embeddable":true,"href":"https:\/\/www.enrichproject.it\/en\/wp-json\/wp\/v2\/comments?post=4026"}],"version-history":[{"count":1,"href":"https:\/\/www.enrichproject.it\/en\/wp-json\/wp\/v2\/pages\/4026\/revisions"}],"predecessor-version":[{"id":4029,"href":"https:\/\/www.enrichproject.it\/en\/wp-json\/wp\/v2\/pages\/4026\/revisions\/4029"}],"wp:attachment":[{"href":"https:\/\/www.enrichproject.it\/en\/wp-json\/wp\/v2\/media?parent=4026"}],"curies":[{"name":"wp","href":"https:\/\/api.w.org\/{rel}","templated":true}]}}