{"id":4022,"date":"2022-12-03T09:44:15","date_gmt":"2022-12-03T08:44:15","guid":{"rendered":"https:\/\/www.enrichproject.it\/?page_id=4022"},"modified":"2024-10-31T11:09:43","modified_gmt":"2024-10-31T10:09:43","slug":"universita-degli-studi-di-napoli","status":"publish","type":"page","link":"https:\/\/www.enrichproject.it\/en\/universita-degli-studi-di-napoli\/","title":{"rendered":"Universit\u00e0 degli Studi di Napoli"},"content":{"rendered":"\t\t<div data-elementor-type=\"wp-page\" data-elementor-id=\"4022\" class=\"elementor elementor-4022\" data-elementor-post-type=\"page\">\n\t\t\t\t\t\t<section class=\"elementor-section elementor-top-section elementor-element elementor-element-bfc8fcf elementor-section-stretched elementor-section-boxed elementor-section-height-default elementor-section-height-default elementor-invisible\" data-id=\"bfc8fcf\" data-element_type=\"section\" data-e-type=\"section\" data-settings=\"{&quot;stretch_section&quot;:&quot;section-stretched&quot;,&quot;background_background&quot;:&quot;classic&quot;,&quot;animation&quot;:&quot;fadeIn&quot;}\">\n\t\t\t\t\t\t<div class=\"elementor-container elementor-column-gap-wider\">\n\t\t\t\t\t<div class=\"elementor-column elementor-col-100 elementor-top-column elementor-element elementor-element-c97778b\" data-id=\"c97778b\" data-element_type=\"column\" data-e-type=\"column\">\n\t\t\t<div class=\"elementor-widget-wrap elementor-element-populated\">\n\t\t\t\t\t\t<div class=\"elementor-element elementor-element-6dd46d3 elementor-invisible elementor-widget elementor-widget-text-editor\" data-id=\"6dd46d3\" data-element_type=\"widget\" data-e-type=\"widget\" data-settings=\"{&quot;_animation&quot;:&quot;fadeIn&quot;}\" data-widget_type=\"text-editor.default\">\n\t\t\t\t<div class=\"elementor-widget-container\">\n\t\t\t\t\t\t\t\t\t<h3>UNIVERSIT\u00c0 DEGLI STUDI DI NAPOLI<\/h3>\t\t\t\t\t\t\t\t<\/div>\n\t\t\t\t<\/div>\n\t\t\t\t<section class=\"elementor-section elementor-inner-section elementor-element elementor-element-aa3750b elementor-reverse-mobile elementor-section-boxed elementor-section-height-default elementor-section-height-default elementor-invisible\" data-id=\"aa3750b\" data-element_type=\"section\" data-e-type=\"section\" data-settings=\"{&quot;animation&quot;:&quot;fadeIn&quot;}\">\n\t\t\t\t\t\t<div class=\"elementor-container elementor-column-gap-default\">\n\t\t\t\t\t<div class=\"elementor-column elementor-col-50 elementor-inner-column elementor-element elementor-element-8d39ee1\" data-id=\"8d39ee1\" data-element_type=\"column\" data-e-type=\"column\">\n\t\t\t<div class=\"elementor-widget-wrap elementor-element-populated\">\n\t\t\t\t\t\t<div class=\"elementor-element elementor-element-841a2f5 justify-text elementor-widget elementor-widget-text-editor\" data-id=\"841a2f5\" data-element_type=\"widget\" data-e-type=\"widget\" data-widget_type=\"text-editor.default\">\n\t\t\t\t<div class=\"elementor-widget-container\">\n\t\t\t\t\t\t\t\t\t<p>L\u2019unit\u00e0 di ricerca (UR) <a href=\"http:\/\/www.unina.it\">UNINA<\/a>, nell\u2019ambito del <a href=\"http:\/\/www.dist.unina.it\">Dipartimento di Strutture per l\u2019Ingegneria e l\u2019Architettura<\/a> (DIST), coordina le attivit\u00e0 e partecipa attivamente al progetto ENRICH con l\u2019Unit\u00e0 di Ricerca 1 che si occupa valutazione sismica e di adattabilit\u00e0 funzionale e flessibilit\u00e0 con particolare interesse alle strutture sanitarie.<\/p>\n<p>L\u2019unit\u00e0 di ricerca 1 \u00e8 composta da ricercatori afferenti al settore scientifico disciplinare Tecnica delle Costruzioni: <a href=\"https:\/\/www.docenti.unina.it\/gennaro.magliulo\">Gennaro Magliulo<\/a> (PhD) \u00e8 professore Associato, coordinatore nazionale (PI) e coordina l\u2019unit\u00e0 di ricerca, <a href=\"https:\/\/www.docenti.unina.it\/danilo.dangela\">Danilo D\u2019Angela<\/a> (PhD) \u00e8 ricercatore a tempo determinato, Martino Zito (PhD) \u00e8 ingegnere strutturista, Chiara Di Salvatore (PhD) \u00e8 borsista post-doc, Carmen Rosaria Addeo \u00e8 dottoranda e borsista. Essa si avvale del supporto del <a href=\"http:\/\/www.dist.unina.it\/strutture\/laboratori\/laboratorio-prove\">Laboratorio di prove<\/a> del DIST.<\/p>\n<p>Gli obiettivi consistono nella valutazione e nel miglioramento della resilienza delle strutture sanitarie, con riferimento agli elementi non strutturali. I parametri di interesse consistono nelle prestazioni sismiche e nell\u2019adattabilit\u00e0 funzionale e flessibilit\u00e0 di tali elementi, con riferimento al funzionamento delle strutture sanitarie.<\/p>\n<p>Gli obiettivi saranno raggiunti mediante l\u2019implementazione di una metodologia che integra in maniera olistica le seguenti attivit\u00e0: (a) raccolta dati in strutture sanitarie pilota, (b) prove sperimentali non distruttive in situ, (c) prove sperimentali in laboratorio, (d) simulazioni analitico-numeriche, (e) analisi statistica, (f) implementazione BIM e gestione dei dati e (g) strategie di comunicazione.<\/p>\n<p>L\u2019unit\u00e0 di ricerca 1, in collaborazione con le altre unit\u00e0, produrr\u00e0 (a) rapporti tecnici relativi alla resilienza delle strutture sanitarie italiane, (b) soluzione e tecnologie innovative volte al miglioramento dell\u2019adattabilit\u00e0 funzionale e delle prestazioni sismiche degli elementi non strutturali in strutture sanitarie, (c) rapporti tecnici e linee guida applicative, (d) strumenti di progetto e gestione, (e) strategie e prodotti di comunicazione.<\/p>\t\t\t\t\t\t\t\t<\/div>\n\t\t\t\t<\/div>\n\t\t\t\t\t<\/div>\n\t\t<\/div>\n\t\t\t\t<div class=\"elementor-column elementor-col-50 elementor-inner-column elementor-element elementor-element-478eb55\" data-id=\"478eb55\" data-element_type=\"column\" data-e-type=\"column\">\n\t\t\t<div class=\"elementor-widget-wrap elementor-element-populated\">\n\t\t\t\t\t\t<div class=\"elementor-element elementor-element-48df832 elementor-hidden-desktop elementor-hidden-tablet elementor-widget elementor-widget-image\" data-id=\"48df832\" data-element_type=\"widget\" data-e-type=\"widget\" data-widget_type=\"image.default\">\n\t\t\t\t<div class=\"elementor-widget-container\">\n\t\t\t\t\t\t\t\t\t\t\t\t\t\t\t\t<a href=\"http:\/\/www.unina.it\/\" target=\"_blank\">\n\t\t\t\t\t\t\t<img fetchpriority=\"high\" decoding=\"async\" width=\"300\" height=\"200\" src=\"https:\/\/www.enrichproject.it\/wp-content\/uploads\/2022\/12\/federicoII_home.png\" class=\"attachment-medium size-medium wp-image-3188\" alt=\"\" srcset=\"https:\/\/www.enrichproject.it\/wp-content\/uploads\/2022\/12\/federicoII_home.png 300w, https:\/\/www.enrichproject.it\/wp-content\/uploads\/2022\/12\/federicoII_home-219x146.png 219w, https:\/\/www.enrichproject.it\/wp-content\/uploads\/2022\/12\/federicoII_home-50x33.png 50w, https:\/\/www.enrichproject.it\/wp-content\/uploads\/2022\/12\/federicoII_home-113x75.png 113w\" sizes=\"(max-width:767px) 300px, 300px\" \/>\t\t\t\t\t\t\t\t<\/a>\n\t\t\t\t\t\t\t\t\t\t\t\t\t\t\t<\/div>\n\t\t\t\t<\/div>\n\t\t\t\t<div class=\"elementor-element elementor-element-c855b58 elementor-hidden-desktop elementor-hidden-tablet elementor-widget elementor-widget-image\" data-id=\"c855b58\" data-element_type=\"widget\" data-e-type=\"widget\" data-widget_type=\"image.default\">\n\t\t\t\t<div class=\"elementor-widget-container\">\n\t\t\t\t\t\t\t\t\t\t\t\t\t\t\t\t<a href=\"http:\/\/www.dist.unina.it\/\" target=\"_blank\">\n\t\t\t\t\t\t\t<img decoding=\"async\" width=\"300\" height=\"200\" src=\"https:\/\/www.enrichproject.it\/wp-content\/uploads\/2022\/10\/dist_home.png\" class=\"attachment-medium size-medium wp-image-2253\" alt=\"\" srcset=\"https:\/\/www.enrichproject.it\/wp-content\/uploads\/2022\/10\/dist_home.png 300w, https:\/\/www.enrichproject.it\/wp-content\/uploads\/2022\/10\/dist_home-219x146.png 219w, https:\/\/www.enrichproject.it\/wp-content\/uploads\/2022\/10\/dist_home-50x33.png 50w, https:\/\/www.enrichproject.it\/wp-content\/uploads\/2022\/10\/dist_home-113x75.png 113w\" sizes=\"(max-width:767px) 300px, 300px\" \/>\t\t\t\t\t\t\t\t<\/a>\n\t\t\t\t\t\t\t\t\t\t\t\t\t\t\t<\/div>\n\t\t\t\t<\/div>\n\t\t\t\t<div class=\"elementor-element elementor-element-4fd7615 elementor-hidden-mobile elementor-widget elementor-widget-image\" data-id=\"4fd7615\" data-element_type=\"widget\" data-e-type=\"widget\" data-widget_type=\"image.default\">\n\t\t\t\t<div class=\"elementor-widget-container\">\n\t\t\t\t\t\t\t\t\t\t\t\t\t\t\t\t<a href=\"http:\/\/www.unina.it\/\" target=\"_blank\">\n\t\t\t\t\t\t\t<img decoding=\"async\" width=\"300\" height=\"200\" src=\"https:\/\/www.enrichproject.it\/wp-content\/uploads\/2022\/12\/federicoII_home.png\" class=\"attachment-large size-large wp-image-3188\" alt=\"\" srcset=\"https:\/\/www.enrichproject.it\/wp-content\/uploads\/2022\/12\/federicoII_home.png 300w, https:\/\/www.enrichproject.it\/wp-content\/uploads\/2022\/12\/federicoII_home-219x146.png 219w, https:\/\/www.enrichproject.it\/wp-content\/uploads\/2022\/12\/federicoII_home-50x33.png 50w, https:\/\/www.enrichproject.it\/wp-content\/uploads\/2022\/12\/federicoII_home-113x75.png 113w\" sizes=\"(max-width:767px) 300px, 300px\" \/>\t\t\t\t\t\t\t\t<\/a>\n\t\t\t\t\t\t\t\t\t\t\t\t\t\t\t<\/div>\n\t\t\t\t<\/div>\n\t\t\t\t<div class=\"elementor-element elementor-element-63053a7 elementor-hidden-mobile elementor-widget elementor-widget-image\" data-id=\"63053a7\" data-element_type=\"widget\" data-e-type=\"widget\" data-widget_type=\"image.default\">\n\t\t\t\t<div class=\"elementor-widget-container\">\n\t\t\t\t\t\t\t\t\t\t\t\t\t\t\t\t<a href=\"http:\/\/www.dist.unina.it\/\" target=\"_blank\">\n\t\t\t\t\t\t\t<img loading=\"lazy\" decoding=\"async\" width=\"300\" height=\"200\" src=\"https:\/\/www.enrichproject.it\/wp-content\/uploads\/2022\/10\/dist_home.png\" class=\"attachment-large size-large wp-image-2253\" alt=\"\" srcset=\"https:\/\/www.enrichproject.it\/wp-content\/uploads\/2022\/10\/dist_home.png 300w, https:\/\/www.enrichproject.it\/wp-content\/uploads\/2022\/10\/dist_home-219x146.png 219w, https:\/\/www.enrichproject.it\/wp-content\/uploads\/2022\/10\/dist_home-50x33.png 50w, https:\/\/www.enrichproject.it\/wp-content\/uploads\/2022\/10\/dist_home-113x75.png 113w\" sizes=\"(max-width:767px) 300px, 300px\" \/>\t\t\t\t\t\t\t\t<\/a>\n\t\t\t\t\t\t\t\t\t\t\t\t\t\t\t<\/div>\n\t\t\t\t<\/div>\n\t\t\t\t<div class=\"elementor-element elementor-element-af45c80 elementor-hidden-mobile elementor-widget elementor-widget-image\" data-id=\"af45c80\" data-element_type=\"widget\" data-e-type=\"widget\" data-widget_type=\"image.default\">\n\t\t\t\t<div class=\"elementor-widget-container\">\n\t\t\t\t\t\t\t\t\t\t\t\t\t\t\t\t<a href=\"https:\/\/www.ingv.it\/\" target=\"_blank\">\n\t\t\t\t\t\t\t<img loading=\"lazy\" decoding=\"async\" width=\"1024\" height=\"1024\" src=\"https:\/\/www.enrichproject.it\/wp-content\/uploads\/2022\/10\/federico-II-bianco.svg\" class=\"attachment-large size-large wp-image-208\" alt=\"\" srcset=\"https:\/\/www.enrichproject.it\/wp-content\/uploads\/2022\/10\/federico-II-bianco.svg 150w, https:\/\/www.enrichproject.it\/wp-content\/uploads\/2022\/10\/federico-II-bianco.svg 300w, https:\/\/www.enrichproject.it\/wp-content\/uploads\/2022\/10\/federico-II-bianco.svg 1024w, https:\/\/www.enrichproject.it\/wp-content\/uploads\/2022\/10\/federico-II-bianco.svg 1536w, https:\/\/www.enrichproject.it\/wp-content\/uploads\/2022\/10\/federico-II-bianco.svg 2048w, https:\/\/www.enrichproject.it\/wp-content\/uploads\/2022\/10\/federico-II-bianco.svg 50w, https:\/\/www.enrichproject.it\/wp-content\/uploads\/2022\/10\/federico-II-bianco.svg 85w, https:\/\/www.enrichproject.it\/wp-content\/uploads\/2022\/10\/federico-II-bianco.svg 80w\" sizes=\"(max-width:767px) 480px, (max-width:1024px) 100vw, 1024px\" \/>\t\t\t\t\t\t\t\t<\/a>\n\t\t\t\t\t\t\t\t\t\t\t\t\t\t\t<\/div>\n\t\t\t\t<\/div>\n\t\t\t\t\t<\/div>\n\t\t<\/div>\n\t\t\t\t\t<\/div>\n\t\t<\/section>\n\t\t\t\t<section class=\"elementor-section elementor-inner-section elementor-element elementor-element-51a3ea9 elementor-section-content-middle elementor-section-boxed elementor-section-height-default elementor-section-height-default elementor-invisible\" data-id=\"51a3ea9\" data-element_type=\"section\" data-e-type=\"section\" data-settings=\"{&quot;animation&quot;:&quot;fadeIn&quot;}\">\n\t\t\t\t\t\t<div class=\"elementor-container elementor-column-gap-wider\">\n\t\t\t\t\t<div class=\"elementor-column elementor-col-100 elementor-inner-column elementor-element elementor-element-e2ffb6c\" data-id=\"e2ffb6c\" data-element_type=\"column\" data-e-type=\"column\">\n\t\t\t<div class=\"elementor-widget-wrap elementor-element-populated\">\n\t\t\t\t\t\t<div class=\"elementor-element elementor-element-405759c elementor-widget elementor-widget-text-editor\" data-id=\"405759c\" data-element_type=\"widget\" data-e-type=\"widget\" data-widget_type=\"text-editor.default\">\n\t\t\t\t<div class=\"elementor-widget-container\">\n\t\t\t\t\t\t\t\t\t<h4>Link utili:<\/h4>\t\t\t\t\t\t\t\t<\/div>\n\t\t\t\t<\/div>\n\t\t\t\t<div class=\"elementor-element elementor-element-352e698 elementor-widget elementor-widget-text-editor\" data-id=\"352e698\" data-element_type=\"widget\" data-e-type=\"widget\" data-widget_type=\"text-editor.default\">\n\t\t\t\t<div class=\"elementor-widget-container\">\n\t\t\t\t\t\t\t\t\t<p>Di seguito trovate una selezione di prodotti relativi alle tematiche e obiettivi del progetto, realizzati in passato dal gruppo di lavoro di questa unit\u00e0 di ricerca:<\/p>\t\t\t\t\t\t\t\t<\/div>\n\t\t\t\t<\/div>\n\t\t\t\t<div class=\"elementor-element elementor-element-0d2490f elementor-mobile-align-start elementor-icon-list--layout-traditional elementor-list-item-link-full_width elementor-widget elementor-widget-icon-list\" data-id=\"0d2490f\" data-element_type=\"widget\" data-e-type=\"widget\" data-widget_type=\"icon-list.default\">\n\t\t\t\t<div class=\"elementor-widget-container\">\n\t\t\t\t\t\t\t<ul class=\"elementor-icon-list-items\">\n\t\t\t\t\t\t\t<li class=\"elementor-icon-list-item\">\n\t\t\t\t\t\t\t\t\t\t\t<a href=\"https:\/\/www.iris.unina.it\/cris\/rp\/rp26155?sort_byall=2&#038;orderall=DESC&#038;open=all#all\" target=\"_blank\">\n\n\t\t\t\t\t\t\t\t\t\t\t\t<span class=\"elementor-icon-list-icon\">\n\t\t\t\t\t\t\t<i aria-hidden=\"true\" class=\"fas fa-angle-right\"><\/i>\t\t\t\t\t\t<\/span>\n\t\t\t\t\t\t\t\t\t\t<span class=\"elementor-icon-list-text\">Pubblicazioni scientifiche del PI e del gruppo di ricerca<\/span>\n\t\t\t\t\t\t\t\t\t\t\t<\/a>\n\t\t\t\t\t\t\t\t\t<\/li>\n\t\t\t\t\t\t\t\t<li class=\"elementor-icon-list-item\">\n\t\t\t\t\t\t\t\t\t\t\t<a href=\"http:\/\/wpage.unina.it\/gmagliul\/doc\/brevetti.html\" target=\"_blank\">\n\n\t\t\t\t\t\t\t\t\t\t\t\t<span class=\"elementor-icon-list-icon\">\n\t\t\t\t\t\t\t<i aria-hidden=\"true\" class=\"fas fa-angle-right\"><\/i>\t\t\t\t\t\t<\/span>\n\t\t\t\t\t\t\t\t\t\t<span class=\"elementor-icon-list-text\">Brevetti sviluppati dal PI<\/span>\n\t\t\t\t\t\t\t\t\t\t\t<\/a>\n\t\t\t\t\t\t\t\t\t<\/li>\n\t\t\t\t\t\t\t\t<li class=\"elementor-icon-list-item\">\n\t\t\t\t\t\t\t\t\t\t\t<a href=\"https:\/\/www.ospedale.caserta.it\/\" target=\"_blank\">\n\n\t\t\t\t\t\t\t\t\t\t\t\t<span class=\"elementor-icon-list-icon\">\n\t\t\t\t\t\t\t<i aria-hidden=\"true\" class=\"fas fa-angle-right\"><\/i>\t\t\t\t\t\t<\/span>\n\t\t\t\t\t\t\t\t\t\t<span class=\"elementor-icon-list-text\">Ospedale Sant\u2019Anna e San Sebastiano di Caserta (struttura sanitaria pilota)<\/span>\n\t\t\t\t\t\t\t\t\t\t\t<\/a>\n\t\t\t\t\t\t\t\t\t<\/li>\n\t\t\t\t\t\t\t\t<li class=\"elementor-icon-list-item\">\n\t\t\t\t\t\t\t\t\t\t\t<a href=\"http:\/\/www.sponse.eu\/\" target=\"_blank\">\n\n\t\t\t\t\t\t\t\t\t\t\t\t<span class=\"elementor-icon-list-icon\">\n\t\t\t\t\t\t\t<i aria-hidden=\"true\" class=\"fas fa-angle-right\"><\/i>\t\t\t\t\t\t<\/span>\n\t\t\t\t\t\t\t\t\t\t<span class=\"elementor-icon-list-text\">Associazione internazionale SPONSE, di cui il gruppo di ricerca fa parte<\/span>\n\t\t\t\t\t\t\t\t\t\t\t<\/a>\n\t\t\t\t\t\t\t\t\t<\/li>\n\t\t\t\t\t\t\t\t<li class=\"elementor-icon-list-item\">\n\t\t\t\t\t\t\t\t\t\t\t<a href=\"https:\/\/www.progetto-cads.it\/\" target=\"_blank\">\n\n\t\t\t\t\t\t\t\t\t\t\t\t<span class=\"elementor-icon-list-icon\">\n\t\t\t\t\t\t\t<i aria-hidden=\"true\" class=\"fas fa-angle-right\"><\/i>\t\t\t\t\t\t<\/span>\n\t\t\t\t\t\t\t\t\t\t<span class=\"elementor-icon-list-text\">Progetto PON CADS, a cui l\u2019unit\u00e0 di ricerca partecipa<\/span>\n\t\t\t\t\t\t\t\t\t\t\t<\/a>\n\t\t\t\t\t\t\t\t\t<\/li>\n\t\t\t\t\t\t<\/ul>\n\t\t\t\t\t\t<\/div>\n\t\t\t\t<\/div>\n\t\t\t\t\t<\/div>\n\t\t<\/div>\n\t\t\t\t\t<\/div>\n\t\t<\/section>\n\t\t\t\t\t<\/div>\n\t\t<\/div>\n\t\t\t\t\t<\/div>\n\t\t<\/section>\n\t\t\t\t<\/div>\n\t\t","protected":false},"excerpt":{"rendered":"<p>UNIVERSIT\u00c0 DEGLI STUDI DI NAPOLI L\u2019unit\u00e0 di ricerca (UR) UNINA, nell\u2019ambito del Dipartimento di Strutture per l\u2019Ingegneria e l\u2019Architettura (DIST), coordina le attivit\u00e0 e partecipa attivamente<span class=\"excerpt-hellip\"> [\u2026]<\/span><\/p>\n","protected":false},"author":1,"featured_media":0,"parent":0,"menu_order":0,"comment_status":"closed","ping_status":"closed","template":"","meta":{"footnotes":""},"class_list":["post-4022","page","type-page","status-publish","hentry"],"_links":{"self":[{"href":"https:\/\/www.enrichproject.it\/en\/wp-json\/wp\/v2\/pages\/4022","targetHints":{"allow":["GET"]}}],"collection":[{"href":"https:\/\/www.enrichproject.it\/en\/wp-json\/wp\/v2\/pages"}],"about":[{"href":"https:\/\/www.enrichproject.it\/en\/wp-json\/wp\/v2\/types\/page"}],"author":[{"embeddable":true,"href":"https:\/\/www.enrichproject.it\/en\/wp-json\/wp\/v2\/users\/1"}],"replies":[{"embeddable":true,"href":"https:\/\/www.enrichproject.it\/en\/wp-json\/wp\/v2\/comments?post=4022"}],"version-history":[{"count":7,"href":"https:\/\/www.enrichproject.it\/en\/wp-json\/wp\/v2\/pages\/4022\/revisions"}],"predecessor-version":[{"id":4111,"href":"https:\/\/www.enrichproject.it\/en\/wp-json\/wp\/v2\/pages\/4022\/revisions\/4111"}],"wp:attachment":[{"href":"https:\/\/www.enrichproject.it\/en\/wp-json\/wp\/v2\/media?parent=4022"}],"curies":[{"name":"wp","href":"https:\/\/api.w.org\/{rel}","templated":true}]}}