{"id":3927,"date":"2024-10-24T15:25:28","date_gmt":"2024-10-24T13:25:28","guid":{"rendered":"https:\/\/www.enrichproject.it\/?page_id=3927"},"modified":"2026-02-04T17:08:52","modified_gmt":"2026-02-04T16:08:52","slug":"thesis-and-internships","status":"publish","type":"page","link":"https:\/\/www.enrichproject.it\/en\/thesis-and-internships\/","title":{"rendered":"Thesis and Internships"},"content":{"rendered":"\t\t<div data-elementor-type=\"wp-page\" data-elementor-id=\"3927\" class=\"elementor elementor-3927\" data-elementor-post-type=\"page\">\n\t\t\t\t\t\t<section class=\"elementor-section elementor-top-section elementor-element elementor-element-bfc8fcf elementor-section-stretched elementor-section-boxed elementor-section-height-default elementor-section-height-default\" data-id=\"bfc8fcf\" data-element_type=\"section\" data-e-type=\"section\" data-settings=\"{&quot;stretch_section&quot;:&quot;section-stretched&quot;,&quot;background_background&quot;:&quot;classic&quot;,&quot;animation&quot;:&quot;none&quot;}\">\n\t\t\t\t\t\t<div class=\"elementor-container elementor-column-gap-wider\">\n\t\t\t\t\t<div class=\"elementor-column elementor-col-100 elementor-top-column elementor-element elementor-element-c97778b\" data-id=\"c97778b\" data-element_type=\"column\" data-e-type=\"column\">\n\t\t\t<div class=\"elementor-widget-wrap elementor-element-populated\">\n\t\t\t\t\t\t<div class=\"elementor-element elementor-element-6dd46d3 elementor-invisible elementor-widget elementor-widget-text-editor\" data-id=\"6dd46d3\" data-element_type=\"widget\" data-e-type=\"widget\" data-settings=\"{&quot;_animation&quot;:&quot;fadeIn&quot;}\" data-widget_type=\"text-editor.default\">\n\t\t\t\t<div class=\"elementor-widget-container\">\n\t\t\t\t\t\t\t\t\t<h3>TESI DI LAUREA E TIROCINI<\/h3>\t\t\t\t\t\t\t\t<\/div>\n\t\t\t\t<\/div>\n\t\t\t\t<div class=\"elementor-element elementor-element-8df763b elementor-widget elementor-widget-text-editor\" data-id=\"8df763b\" data-element_type=\"widget\" data-e-type=\"widget\" data-widget_type=\"text-editor.default\">\n\t\t\t\t<div class=\"elementor-widget-container\">\n\t\t\t\t\t\t\t\t\t<p><strong>Tirocini e tesi di laurea che hanno contribuito alle attivit\u00e0 di progetto<\/strong><\/p>\t\t\t\t\t\t\t\t<\/div>\n\t\t\t\t<\/div>\n\t\t\t\t\t<\/div>\n\t\t<\/div>\n\t\t\t\t\t<\/div>\n\t\t<\/section>\n\t\t\t\t<section class=\"elementor-section elementor-top-section elementor-element elementor-element-190822a elementor-section-boxed elementor-section-height-default elementor-section-height-default\" data-id=\"190822a\" data-element_type=\"section\" data-e-type=\"section\">\n\t\t\t\t\t\t<div class=\"elementor-container elementor-column-gap-default\">\n\t\t\t\t\t<div class=\"elementor-column elementor-col-33 elementor-top-column elementor-element elementor-element-3b73d71\" data-id=\"3b73d71\" data-element_type=\"column\" data-e-type=\"column\">\n\t\t\t<div class=\"elementor-widget-wrap elementor-element-populated\">\n\t\t\t\t\t\t<div class=\"elementor-element elementor-element-370fddb elementor-position-top elementor-widget elementor-widget-image-box\" data-id=\"370fddb\" data-element_type=\"widget\" data-e-type=\"widget\" data-widget_type=\"image-box.default\">\n\t\t\t\t<div class=\"elementor-widget-container\">\n\t\t\t\t\t<div class=\"elementor-image-box-wrapper\"><figure class=\"elementor-image-box-img\"><a href=\"https:\/\/www.enrichproject.it\/en\/universita-degli-studi-di-napoli\/\" tabindex=\"-1\"><img fetchpriority=\"high\" decoding=\"async\" width=\"300\" height=\"200\" src=\"https:\/\/www.enrichproject.it\/wp-content\/uploads\/2022\/12\/federicoII_home.png\" class=\"attachment-full size-full wp-image-3188\" alt=\"\" srcset=\"https:\/\/www.enrichproject.it\/wp-content\/uploads\/2022\/12\/federicoII_home.png 300w, https:\/\/www.enrichproject.it\/wp-content\/uploads\/2022\/12\/federicoII_home-219x146.png 219w, https:\/\/www.enrichproject.it\/wp-content\/uploads\/2022\/12\/federicoII_home-50x33.png 50w, https:\/\/www.enrichproject.it\/wp-content\/uploads\/2022\/12\/federicoII_home-113x75.png 113w\" sizes=\"(max-width:767px) 300px, 300px\" \/><\/a><\/figure><div class=\"elementor-image-box-content\"><h4 class=\"elementor-image-box-title\"><a href=\"https:\/\/www.enrichproject.it\/en\/universita-degli-studi-di-napoli\/\">Universit\u00e0 degli Studi di Napoli Federico II<\/a><\/h4><\/div><\/div>\t\t\t\t<\/div>\n\t\t\t\t<\/div>\n\t\t\t\t\t<\/div>\n\t\t<\/div>\n\t\t\t\t<div class=\"elementor-column elementor-col-33 elementor-top-column elementor-element elementor-element-d05c345\" data-id=\"d05c345\" data-element_type=\"column\" data-e-type=\"column\">\n\t\t\t<div class=\"elementor-widget-wrap elementor-element-populated\">\n\t\t\t\t\t\t<div class=\"elementor-element elementor-element-9b97f6b elementor-position-top elementor-widget elementor-widget-image-box\" data-id=\"9b97f6b\" data-element_type=\"widget\" data-e-type=\"widget\" data-widget_type=\"image-box.default\">\n\t\t\t\t<div class=\"elementor-widget-container\">\n\t\t\t\t\t<div class=\"elementor-image-box-wrapper\"><figure class=\"elementor-image-box-img\"><a href=\"https:\/\/www.unisannio.it\/it\" tabindex=\"-1\"><img decoding=\"async\" width=\"300\" height=\"200\" src=\"https:\/\/www.enrichproject.it\/wp-content\/uploads\/2022\/10\/unisannio_home.png\" class=\"attachment-full size-full wp-image-2249\" alt=\"\" srcset=\"https:\/\/www.enrichproject.it\/wp-content\/uploads\/2022\/10\/unisannio_home.png 300w, https:\/\/www.enrichproject.it\/wp-content\/uploads\/2022\/10\/unisannio_home-219x146.png 219w, https:\/\/www.enrichproject.it\/wp-content\/uploads\/2022\/10\/unisannio_home-50x33.png 50w, https:\/\/www.enrichproject.it\/wp-content\/uploads\/2022\/10\/unisannio_home-113x75.png 113w\" sizes=\"(max-width:767px) 300px, 300px\" \/><\/a><\/figure><div class=\"elementor-image-box-content\"><h4 class=\"elementor-image-box-title\"><a href=\"https:\/\/www.unisannio.it\/it\">Universit\u00e0 degli Studi del Sannio<\/a><\/h4><\/div><\/div>\t\t\t\t<\/div>\n\t\t\t\t<\/div>\n\t\t\t\t\t<\/div>\n\t\t<\/div>\n\t\t\t\t<div class=\"elementor-column elementor-col-33 elementor-top-column elementor-element elementor-element-b3b1a0e\" data-id=\"b3b1a0e\" data-element_type=\"column\" data-e-type=\"column\">\n\t\t\t<div class=\"elementor-widget-wrap elementor-element-populated\">\n\t\t\t\t\t\t<div class=\"elementor-element elementor-element-f4242e0 elementor-position-top elementor-widget elementor-widget-image-box\" data-id=\"f4242e0\" data-element_type=\"widget\" data-e-type=\"widget\" data-widget_type=\"image-box.default\">\n\t\t\t\t<div class=\"elementor-widget-container\">\n\t\t\t\t\t<div class=\"elementor-image-box-wrapper\"><figure class=\"elementor-image-box-img\"><a href=\"https:\/\/www.enrichproject.it\/en\/luniversita-del-salento\/\" tabindex=\"-1\"><img decoding=\"async\" width=\"300\" height=\"200\" src=\"https:\/\/www.enrichproject.it\/wp-content\/uploads\/2022\/10\/uni_salento.png\" class=\"attachment-full size-full wp-image-2261\" alt=\"\" srcset=\"https:\/\/www.enrichproject.it\/wp-content\/uploads\/2022\/10\/uni_salento.png 300w, https:\/\/www.enrichproject.it\/wp-content\/uploads\/2022\/10\/uni_salento-219x146.png 219w, https:\/\/www.enrichproject.it\/wp-content\/uploads\/2022\/10\/uni_salento-50x33.png 50w, https:\/\/www.enrichproject.it\/wp-content\/uploads\/2022\/10\/uni_salento-113x75.png 113w\" sizes=\"(max-width:767px) 300px, 300px\" \/><\/a><\/figure><div class=\"elementor-image-box-content\"><h4 class=\"elementor-image-box-title\"><a href=\"https:\/\/www.enrichproject.it\/en\/luniversita-del-salento\/\">Universit\u00e0 degli Studi del Salento<\/a><\/h4><\/div><\/div>\t\t\t\t<\/div>\n\t\t\t\t<\/div>\n\t\t\t\t\t<\/div>\n\t\t<\/div>\n\t\t\t\t\t<\/div>\n\t\t<\/section>\n\t\t\t\t<section class=\"elementor-section elementor-top-section elementor-element elementor-element-bf7f003 elementor-section-stretched elementor-section-boxed elementor-section-height-default elementor-section-height-default\" data-id=\"bf7f003\" data-element_type=\"section\" data-e-type=\"section\" data-settings=\"{&quot;stretch_section&quot;:&quot;section-stretched&quot;,&quot;background_background&quot;:&quot;classic&quot;,&quot;animation&quot;:&quot;none&quot;}\">\n\t\t\t\t\t\t<div class=\"elementor-container elementor-column-gap-wider\">\n\t\t\t\t\t<div class=\"elementor-column elementor-col-100 elementor-top-column elementor-element elementor-element-f7d0692\" data-id=\"f7d0692\" data-element_type=\"column\" data-e-type=\"column\">\n\t\t\t<div class=\"elementor-widget-wrap elementor-element-populated\">\n\t\t\t\t\t\t<div class=\"elementor-element elementor-element-91f61d6 elementor-widget elementor-widget-text-editor\" data-id=\"91f61d6\" data-element_type=\"widget\" data-e-type=\"widget\" data-widget_type=\"text-editor.default\">\n\t\t\t\t<div class=\"elementor-widget-container\">\n\t\t\t\t\t\t\t\t\t<p><strong data-start=\"224\" data-end=\"241\">Degree Thesis<\/strong><\/p>\t\t\t\t\t\t\t\t<\/div>\n\t\t\t\t<\/div>\n\t\t\t\t<div class=\"elementor-element elementor-element-0150d63 elementor-widget elementor-widget-text-editor\" data-id=\"0150d63\" data-element_type=\"widget\" data-e-type=\"widget\" data-widget_type=\"text-editor.default\">\n\t\t\t\t<div class=\"elementor-widget-container\">\n\t\t\t\t\t\t\t\t\t<ol>\n \t<li>Luca Sinoca. Risposta sismica e adattabilit\u00e0 funzionale degli elementi non strutturali: progettazione di prove su tavola vibrante e valutazioni <em>Rapid Visual Screening<\/em>. Relatore: Gennaro Magliulo. Correlatori: Danilo D\u2019Angela, Carmen Rosaria Addeo. C.d.L. Magistrale in Ingegneria Strutturale e Geotecnica. Universit\u00e0 degli Studi di Napoli Federico II (2024).<\/li>\n \t<li>Fiorenza Marano. Valutazione della vulnerabilit\u00e0 sismica associata al corpo aggiunto dell\u2019edificio F dell\u2019AORN \u201cSant\u2019Anna e San Sebastiano\u201d di Caserta mediante analisi non lineari. Relatore: Gennaro Magliulo. Correlatori: Danilo D\u2019Angela, Carmen Rosaria Addeo. C.d.L. Magistrale in Ingegneria Strutturale e Geotecnica. Universit\u00e0 degli Studi di Napoli Federico II (2024).<\/li>\n \t<li>Antonio Bosco. Progetto di prove su tavola vibrante per la valutazione del comportamento sismico di SDOF elasto-plastici non strutturali. Relatore: Gennaro Magliulo. Correlatori: Danilo D\u2019Angela, Carmen Rosaria Addeo. C.d.L. Magistrale in Ingegneria Strutturale e Geotecnica. Universit\u00e0 degli Studi di Napoli Federico II (2024).<\/li>\n \t<li>Evangelisto Esposito. Metodologia Rapid Visual Screening per la valutazione della resilienza in ambito ospedaliero: caso pilota AORN di Caserta. Relatore: Gennaro Magliulo. Correlatori: Danilo D\u2019Angela, Carmen Rosaria Addeo. C.d.L. Magistrale in Ingegneria Biomedica. Universit\u00e0 degli Studi di Napoli Federico II (2024).<\/li>\n \t<li>Fabio De Corso. Vulnerabilit\u00e0 di componenti non strutturali ospedalieri. Relatori: Alessandra De Angelis, Giuseppe Maddaloni. C.d.L. Magistrale in Ingegneria Civile. Universit\u00e0 degli Studi del Sannio (2023).<\/li>\n \t<li>Adriano De Blasis. Valutazione sperimentale del comportamento fuori piano delle tamponature. Relatori: Alessandra De Angelis, Giuseppe Maddaloni. C.d.L. Magistrale in Ingegneria Civile. Universit\u00e0 degli Studi del Sannio (2023).<\/li>\n \t<li>Paolo Fonzo. Le tamponature in laterizio: studio del comportamento fuori piano e dei sistemi antiribaltamento. Relatore: Giuseppe Maddaloni, Correlatori: Alessandra De Angelis, Roberto Tartaglia. C.d.L. in Ingegneria Civile. Universit\u00e0 degli Studi del Sannio (2023).<\/li>\n \t<li>Aurora Leo. Valutazione speditiva della vulnerabilit\u00e0 sismica di strutture ospedaliere. Relatori: Maria Antonietta Aiello, Daniele Perrone. C.d.L. Magistrale in Ingegneria Civile. Universit\u00e0 degli Studi del Salento (2023).<\/li>\n \t<li>Irene Guerrieri. Valutazione della vulnerabilit\u00e0 sismica di elementi non-strutturali mediante approccio BIM. Relatori: Daniele Perrone, Milena Casto. C.d.L. Magistrale in Ingegneria Civile. Universit\u00e0 degli Studi del Salento (2023).<\/li>\n \t<li>Antonio Nicol\u00f2 Musio. Analisi delle performance sismiche di impianti sprinkler progettati secondo differenti approcci normativi. Relatori: Maria Antonietta Aiello, Daniele Perrone, Gianni Blasi. C.d.L. Magistrale in Ingegneria Civile. Universit\u00e0 degli Studi del Salento (2023).<\/li>\n \t<li>Carmen Rosaria Addeo. Valutazione speditiva della vulnerabilit\u00e0 sismica e della flessibilit\u00e0: il caso A.O.R.N. di Caserta. Relatore: Gennaro Magliulo. Correlatore: Danilo D\u2019Angela. C.d.L. Magistrale in Ingegneria Strutturale e Geotecnica. Universit\u00e0 degli Studi di Napoli Federico II (2023).<\/li>\n \t<li>Francesco Mario Calenzo. Valutazione della sicurezza sismica degli elementi non strutturali contenuti nelle strutture ospedaliere. Relatore: Gennaro Magliulo. Correlatori: Danilo D\u2019Angela, Martino Zito. C.d.L. Magistrale in Ingegneria Strutturale e Geotecnica. Universit\u00e0 degli Studi di Napoli Federico II (2023).<\/li>\n \t<li>Maria Laura Vollero. Resilienza delle strutture sanitarie: valutazione speditiva della vulnerabilit\u00e0 sismica e della flessibilit\u00e0. Relatore: Gennaro Magliulo. Correlatori: Danilo D\u2019Angela, Martino Zito. C.d.L. Magistrale in Ingegneria Biomedica. Universit\u00e0 degli Studi di Napoli Federico II (2023).<\/li>\n \t<li>Valentina Santaniello. Confronto parametrico fra protocolli di prova per la qualificazione sismica di elementi sensibili alle accelerazioni. Relatore: Gennaro Magliulo. Correlatore: Danilo D\u2019Angela, Martino Zito, Giuseppe Toscano. C.d.L. Magistrale in Ingegneria Strutturale e Geotecnica. Universit\u00e0 degli Studi di Napoli Federico II (2022).<\/li>\n \t<li>Luigi Di Franco. Sviluppo e qualificazione sismica di una camera bianca con pannelli in HPL e controsoffitto discontinuo. Relatore: Gennaro Magliulo. Correlatore: Danilo D\u2019Angela, Martino Zito. C.d.L. Magistrale in Ingegneria Strutturale e Geotecnica. Universit\u00e0 degli Studi di Napoli Federico II (2021).<\/li>\n \t<li>Giuseppe Toscano. Affidabilit\u00e0 dei protocolli di qualificazione sismica dei componenti non strutturali sensibili alle accelerazioni incastrati alla base. Relatore: Gennaro Magliulo. Correlatori: Danilo D\u2019Angela, Chiara Di Salvatore, Martino Zito. C.d.L. Magistrale in Ingegneria Strutturale e Geotecnica. Universit\u00e0 degli Studi di Napoli Federico II (2021).<\/li>\n \t<li>Luca Di Stasio. Seismic assessment of inelastic nonstructural elements: from experimental validation to potential applications in the GRETA project for healthcare facilities. Relatore: Gennaro Magliulo. Correlatori: Danilo D\u2019Angela. C.d.L. Magistrale in Ingegneria Biomedica. Universit\u00e0 degli Studi di Napoli Federico II (2025).<\/li>\n \t<li>Ciro Errico. Gli elementi non strutturali rispetto alla sicurezza sismica di edifici ospedalieri. Relatore: Gennaro Magliulo. Correlatori: Danilo D\u2019Angela, Carmen Rosaria Addeo, Margherita Agresti, Luca Damiani. C.d.L. Magistrale in Ingegneria Strutturale e Geotecnica. Universit\u00e0 degli Studi di Napoli Federico II (2025).<\/li>\n \t<li>Sveva Iovine. Progetto di prove su tavola vibrante di porte tecniche e risultanze preliminari della sperimentazione su elementi inelastici. Relatore: Gennaro Magliulo. Correlatori: Danilo D\u2019Angela, Carmen Rosaria Addeo, Margherita Agresti, Luca Damiani. C.d.L. Magistrale in Ingegneria Strutturale e Geotecnica. Universit\u00e0 degli Studi di Napoli Federico II (2025).<\/li>\n \t<li>Maria Palladino. Valutazione sismica di un edifico esistente in c.a.: dal progetto simulato alle analisi numeriche di dettaglio. Relatore: Gennaro Magliulo. Correlatori: Danilo D\u2019Angela, Chiara Di Salvatore, Carmen Rosaria Addeo, Margherita Agresti. C.d.L. Magistrale in Ingegneria Strutturale e Geotecnica. Universit\u00e0 degli Studi di Napoli Federico II (2025).<\/li>\n<\/ol>\n<em>\u00a0<\/em>\t\t\t\t\t\t\t\t<\/div>\n\t\t\t\t<\/div>\n\t\t\t\t<div class=\"elementor-element elementor-element-a1e4435 elementor-widget elementor-widget-text-editor\" data-id=\"a1e4435\" data-element_type=\"widget\" data-e-type=\"widget\" data-widget_type=\"text-editor.default\">\n\t\t\t\t<div class=\"elementor-widget-container\">\n\t\t\t\t\t\t\t\t\t<p><strong data-start=\"44\" data-end=\"59\">Internships<\/strong><\/p>\t\t\t\t\t\t\t\t<\/div>\n\t\t\t\t<\/div>\n\t\t\t\t<div class=\"elementor-element elementor-element-f75d1b2 elementor-widget elementor-widget-text-editor\" data-id=\"f75d1b2\" data-element_type=\"widget\" data-e-type=\"widget\" data-widget_type=\"text-editor.default\">\n\t\t\t\t<div class=\"elementor-widget-container\">\n\t\t\t\t\t\t\t\t\t<ol>\n \t<li>Luca Sinoca. Risposta sismica e adattabilit\u00e0 funzionale degli elementi non strutturali: sperimentazione e <em>Rapid Visual Screening<\/em>. 9 CFU. Docente responsabile: Gennaro Magliulo. C.d.L. Magistrale in Ingegneria Strutturale e Geotecnica. Universit\u00e0 degli Studi di Napoli Federico II (2024, intramoenia).<\/li>\n \t<li>Fiorenza Marano. Attivit\u00e0 propedeutiche alla valutazione della vulnerabilit\u00e0 sismica associata al corpo aggiunto dell\u2019edificio F dell\u2019AORN \u201cSant\u2019Anna e San Sebastiano\u201d di Caserta. 9 CFU. Docente responsabile: Gennaro Magliulo. C.d.L. Magistrale in Ingegneria Strutturale e Geotecnica. Universit\u00e0 degli Studi di Napoli Federico II (2024, extramoenia).<\/li>\n \t<li>Antonio Bosco. Prestazioni sismiche di elementi non strutturali sensibili alle accelerazioni: da casi studio ospedalieri a prove di valutazione sperimentale. 9 CFU. Docente responsabile: Gennaro Magliulo. C.d.L. Magistrale in Ingegneria Strutturale e Geotecnica. Universit\u00e0 degli Studi di Napoli Federico II (2024, extramoenia).<\/li>\n \t<li>Evangelisto Esposito. Valutazione della resilienza delle strutture sanitarie: applicazione al caso pilota dell\u2019AORN Sant\u2019Anna e San Sebastiano di Caserta. 6 CFU. Docente responsabile: Gennaro Magliulo. C.d.L. Magistrale in Ingegneria Biomedica. Universit\u00e0 degli Studi di Napoli Federico II (2024, extramoenia).<\/li>\n \t<li>Aurora Leo. Indagini non-distruttive per la valutazione del comportamento strutturale e non-strutturale di edifici esistenti. 9 CFU. Docente responsabile: Daniele Perrone. C.d.L. Magistrale in Ingegneria Civile. Universit\u00e0 degli Studi del Salento (2023).<\/li>\n \t<li>Antonio Nicol\u00f2 Musio. Caratterizzazione sismica del comportamento meccanico di elementi non-strutturali. 9 CFU. Docente responsabile: Daniele Perrone. C.d.L. Magistrale in Ingegneria Civile. Universit\u00e0 degli Studi del Salento (2023).<\/li>\n \t<li>Irene Guerrieri. Studio delle metodologie di rapid visual screening disponibili in letteratura per valutazione di indici di rischio sismico. 9 CFU. Docente responsabile: Daniele Perrone. C.d.L. Magistrale in Ingegneria Civile. Universit\u00e0 degli Studi del Salento (2023).<\/li>\n \t<li>Carmen Rosaria Addeo. Sviluppo di una metodologia per la valutazione speditiva della resilienza delle strutture sanitarie basata su misure del rischio sismico e della flessibilit\u00e0 degli elementi non strutturali. 9 CFU. Docente responsabile: Gennaro Magliulo. C.d.L. Magistrale in Ingegneria Strutturale e Geotecnica. Universit\u00e0 degli Studi di Napoli Federico II (2023, extramoenia).<\/li>\n \t<li>Francesco Mario Calenzo. Valutazione della vulnerabilit\u00e0 sismica di un ospedale con riferimento agli elementi non strutturali. 9 CFU. Docente responsabile: Gennaro Magliulo. C.d.L. Magistrale in Ingegneria Strutturale e Geotecnica. Universit\u00e0 degli Studi di Napoli Federico II (2022, extramoenia).<\/li>\n \t<li>Maria Laura Vollero. Acquisizione di informazioni e dettagli sul comportamento sismico e sulla flessibilit\u00e0 di elementi non strutturali in edifici sanitari. 6 CFU. Docente responsabile: Gennaro Magliulo. C.d.L. Magistrale in Ingegneria Biomedica. Universit\u00e0 degli Studi di Napoli Federico II (2022, extramoenia).<\/li>\n \t<li>Valentina Santaniello. Studio bibliografico in merito alle analisi dinamiche incrementali e alla redazione di curve di fragilit\u00e0 applicate a elementi non strutturali ancorati. 9 CFU. Docente responsabile: Gennaro Magliulo. C.d.L. Magistrale in Ingegneria Strutturale e Geotecnica. Universit\u00e0 degli Studi di Napoli Federico II (2021).<\/li>\n \t<li>Luigi di Franco. Collaborazione alle prove su tavola vibrante di componenti non strutturali. 9 CFU. Docente responsabile: Gennaro Magliulo. C.d.L. Magistrale in Ingegneria Strutturale e Geotecnica. Universit\u00e0 degli Studi di Napoli Federico II (2021).<\/li>\n \t<li>Ciro Errico. 9 CFU. Raccolta dati relativi agli elementi non strutturali presenti nel corpo aggiunto dell&#8217;edificio F dell&#8217;AORN di Caserta al fine della valutazione del rischio sismico di tale edificio. Docente responsabile: Gennaro Magliulo. C.d.L. Magistrale in Ingegneria Strutturale e Geotecnica. Universit\u00e0 degli Studi di Napoli Federico II (2025, extramoenia).<\/li>\n \t<li>Sveva Iovine. Studio di dettaglio degli elementi non strutturali presenti nel corpo aggiunto dell\u2019edificio F dell\u2019AORN di Caserta al fine della valutazione del rischio sismico in tele edificio. 9 CFU. Docente responsabile: Gennaro Magliulo. C.d.L. Magistrale in Ingegneria Strutturale e Geotecnica. Universit\u00e0 degli Studi di Napoli Federico II (2025, extramoenia).<\/li>\n \t<li>Maria Palladino. Analisi sismica del corpo aggiunto dell&#8217;edificio F dell&#8217;AORN &#8220;Sant&#8217;Anna e San Sebastiano&#8221; di Caserta. 9 CFU. Docente responsabile: Gennaro Magliulo. C.d.L. Magistrale in Ingegneria Strutturale e Geotecnica. Universit\u00e0 degli Studi di Napoli Federico II (2025, extramoenia).<\/li>\n<\/ol>\t\t\t\t\t\t\t\t<\/div>\n\t\t\t\t<\/div>\n\t\t\t\t\t<\/div>\n\t\t<\/div>\n\t\t\t\t\t<\/div>\n\t\t<\/section>\n\t\t\t\t<section class=\"elementor-section elementor-top-section elementor-element elementor-element-06e8901 elementor-section-boxed elementor-section-height-default elementor-section-height-default\" data-id=\"06e8901\" data-element_type=\"section\" data-e-type=\"section\">\n\t\t\t\t\t\t<div class=\"elementor-container elementor-column-gap-default\">\n\t\t\t\t\t<div class=\"elementor-column elementor-col-100 elementor-top-column elementor-element elementor-element-25135d1\" data-id=\"25135d1\" data-element_type=\"column\" data-e-type=\"column\">\n\t\t\t<div class=\"elementor-widget-wrap elementor-element-populated\">\n\t\t\t\t\t\t<div class=\"elementor-element elementor-element-e36093b elementor-widget elementor-widget-spacer\" data-id=\"e36093b\" data-element_type=\"widget\" data-e-type=\"widget\" data-widget_type=\"spacer.default\">\n\t\t\t\t<div class=\"elementor-widget-container\">\n\t\t\t\t\t\t\t<div class=\"elementor-spacer\">\n\t\t\t<div class=\"elementor-spacer-inner\"><\/div>\n\t\t<\/div>\n\t\t\t\t\t\t<\/div>\n\t\t\t\t<\/div>\n\t\t\t\t\t<\/div>\n\t\t<\/div>\n\t\t\t\t\t<\/div>\n\t\t<\/section>\n\t\t\t\t<\/div>\n\t\t","protected":false},"excerpt":{"rendered":"<p>TESI DI LAUREA E TIROCINI Tirocini e tesi di laurea che hanno contribuito alle attivit\u00e0 di progetto Universit\u00e0 degli Studi di Napoli Federico II Universit\u00e0 degli<span class=\"excerpt-hellip\"> [\u2026]<\/span><\/p>\n","protected":false},"author":1,"featured_media":0,"parent":0,"menu_order":0,"comment_status":"closed","ping_status":"closed","template":"","meta":{"footnotes":""},"class_list":["post-3927","page","type-page","status-publish","hentry"],"_links":{"self":[{"href":"https:\/\/www.enrichproject.it\/en\/wp-json\/wp\/v2\/pages\/3927","targetHints":{"allow":["GET"]}}],"collection":[{"href":"https:\/\/www.enrichproject.it\/en\/wp-json\/wp\/v2\/pages"}],"about":[{"href":"https:\/\/www.enrichproject.it\/en\/wp-json\/wp\/v2\/types\/page"}],"author":[{"embeddable":true,"href":"https:\/\/www.enrichproject.it\/en\/wp-json\/wp\/v2\/users\/1"}],"replies":[{"embeddable":true,"href":"https:\/\/www.enrichproject.it\/en\/wp-json\/wp\/v2\/comments?post=3927"}],"version-history":[{"count":22,"href":"https:\/\/www.enrichproject.it\/en\/wp-json\/wp\/v2\/pages\/3927\/revisions"}],"predecessor-version":[{"id":4712,"href":"https:\/\/www.enrichproject.it\/en\/wp-json\/wp\/v2\/pages\/3927\/revisions\/4712"}],"wp:attachment":[{"href":"https:\/\/www.enrichproject.it\/en\/wp-json\/wp\/v2\/media?parent=3927"}],"curies":[{"name":"wp","href":"https:\/\/api.w.org\/{rel}","templated":true}]}}