{"id":2370,"date":"2020-09-07T13:28:33","date_gmt":"2020-09-07T11:28:33","guid":{"rendered":"https:\/\/www.enrichproject.it\/?page_id=2370"},"modified":"2022-10-25T14:02:02","modified_gmt":"2022-10-25T12:02:02","slug":"privacy-policy","status":"publish","type":"page","link":"https:\/\/www.enrichproject.it\/en\/privacy-policy\/","title":{"rendered":"Privacy Policy"},"content":{"rendered":"\t\t<div data-elementor-type=\"wp-page\" data-elementor-id=\"2370\" class=\"elementor elementor-2370\" data-elementor-post-type=\"page\">\n\t\t\t\t\t\t<section class=\"elementor-section elementor-top-section elementor-element elementor-element-7964918 elementor-section-boxed elementor-section-height-default elementor-section-height-default\" data-id=\"7964918\" data-element_type=\"section\" data-e-type=\"section\">\n\t\t\t\t\t\t<div class=\"elementor-container elementor-column-gap-default\">\n\t\t\t\t\t<div class=\"elementor-column elementor-col-100 elementor-top-column elementor-element elementor-element-3bfd742\" data-id=\"3bfd742\" data-element_type=\"column\" data-e-type=\"column\">\n\t\t\t<div class=\"elementor-widget-wrap elementor-element-populated\">\n\t\t\t\t\t\t<div class=\"elementor-element elementor-element-40b10800 elementor-widget elementor-widget-text-editor\" data-id=\"40b10800\" data-element_type=\"widget\" data-e-type=\"widget\" data-widget_type=\"text-editor.default\">\n\t\t\t\t<div class=\"elementor-widget-container\">\n\t\t\t\t\t\t\t\t\t<div>\n<p>Sharing and use of data:&nbsp;<a href=\"http:\/\/istituto.ingv.it\/images\/Ufficio_Gestione_Dati\/docs\/20180724_Document_implementing_the_INGV_Data_Policy.pdf\" target=\"_blank\" rel=\"noopener\">INGV Data Policy<\/a><\/p>\n<p>The contents published on these pages by Savemedcoasts2 are licensed under the&nbsp;<a href=\"http:\/\/creativecommons.org\/licenses\/by\/4.0\/\" target=\"_blank\" rel=\"license noopener\">Creative Commons Attribution 4.0 International License<\/a>.<\/p>\n<\/div>\n<div><\/div>\n<div>Privacy policy:&nbsp;<a href=\"https:\/\/www.ingv.it\/it\/privacy\">https:\/\/www.ingv.it\/it\/privacy<\/a><\/div><div><br><\/div>\n<div>\n<p><strong>PRIVACY POLICY<\/strong><br>\nINFORMATIVA SUL TRATTAMENTO DEI DATI PERSONALI PER I SERVIZI WEB INGV AI SENSI DELL\u2019ART. 13 REG. UE 679\/2016 (GDPR)<\/p>\n<p>Gentile utente,<\/p>\n<p><strong>1.TITOLARE<\/strong><br>\nil Titolare del trattamento dei dati personali, Istituto Nazionale di Geofisica e Vulcanologia (INGV) con sede legale in via di Vigna Murata 605 00143 Roma (Italia) ed e-mail:&nbsp;<span id=\"cloak779bfd720358f3aa56e887ccbaba2985\"><a href=\"mailto:aoo.roma@pec.ingv.it\">aoo.roma@pec.ingv.it<\/a><\/span>, informa che la validit\u00e0 delle informazioni contenute nella presente pagina \u00e8 limitata al solo servizio web nazionale e delle sue sedi ufficiali di rappresentanza sul territorio, e non si estende ad altri siti esterni eventualmente consultabili mediante collegamento ipertestuale.<br>\nPer il GDPR, la normativa sul trattamento dei dati personali nel Reg. EU n. 679 del 2016 ed il Codice Privacy come novellato dal d.lgs. 101\/2018, Lei \u00e8 la \u201cpersona interessata\u201d e ha diritti ed obblighi che Le illustriamo di seguito.<\/p>\n<p><strong>2. TRATTAMENTO<\/strong><br>\nINGV tratter\u00e0 i Suoi dati secondo i principi di liceit\u00e0, correttezza, trasparenza, limitazione delle finalit\u00e0 e della conservazione, minimizzazione dei dati, esattezza, integrit\u00e0 e riservatezza.<\/p>\n<p><strong>3. CATEGORIE DI DATI TRATTATI<\/strong><br>\n3.1. Dati di navigazione<br>\nI sistemi ed i programmi informatici utilizzati per l\u2019attivit\u00e0 del sito possono raccogliere alcuni dati personali la cui trasmissione \u00e8 implicita nell&#8217;uso dei protocolli di comunicazione di Internet (per es. indirizzi IP, nomi di dominio dei computer utilizzati dagli utenti che si connettono al sito, gli indirizzi URI &#8211; Uniform Resource Identifier &#8211; delle risorse richieste, orario della richiesta, metodo utilizzato nel sottoporre la richiesta al server, dimensione del file ottenuto in risposta, codice numerico circa lo stato della risposta resa dal server ed altri parametri relativi al sistema operativo e all&#8217;ambiente dell&#8217;utente). Questi dati vengono utilizzati al solo fine di ricavare informazioni statistiche anonime sull&#8217;uso del Servizio e per controllarne il corretto funzionamento. Tuttavia, i gi\u00e0 menzionati dati potrebbero essere utilizzati per l&#8217;accertamento di responsabilit\u00e0 in caso di reati informatici ai danni dei servizi offerti o ad altri siti ad esso connessi o collegati: salva questa eventualit\u00e0, allo stato attuale i dati sui contatti web non persistono se non per un massimo di 365 giorni.<\/p>\n<p><strong>3.2. Cookies<br>\n<\/strong><br>\nUn cookie \u00e8 un piccolo file di testo all\u2019interno del quale vengono raccolte brevi informazioni relative all\u2019attivit\u00e0 di un utente su un sito internet e memorizzate sul dispositivo che ha avuto accesso al servizio web. In ottemperanza ai provvedimenti n. 229 dell&#8217;8 maggio 2014 e 231 del 10 giugno 2021 del Garante per la Protezione dei Dati Personali, si informa che il presente servizio web utilizza esclusivamente Cookie tecnici (che NON richiedono il consenso): sono necessari per il funzionamento del servizio web e permettono di accedere alle sue funzioni (c.d. cookie di navigazione) e sono per lo pi\u00f9 cookie di sessione il cui utilizzo \u00e8 limitato alla sola trasmissione di dati identificativi di sessione nella forma di numeri generati automaticamente dal server necessari per consentire l&#8217;esplorazione sicura ed efficiente del sito e gestire l\u2019autenticazione ai servizi on-line e alle aree riservate. Possono essere utilizzati per funzioni analitiche\/di monitoraggio per raccogliere informazioni, in forma aggregata, sul numero degli utenti e su come gli stessi visitano il sito al fine di effettuare analisi statistiche anonime per l\u2019ottimizzazione del sito senza l\u2019utilizzo di cookie analitici. I cookie di sessione non vengono memorizzati in modo persistente sul computer dell\u2019utente e si eliminano con la chiusura del browser. I cookies di sessione utilizzati in questo sito evitano il ricorso ad altre tecniche informatiche potenzialmente pregiudizievoli per la riservatezza della navigazione degli utenti e non consentono l\u2019acquisizione di dati personali identificativi dell\u2019utente. Altri cookie tecnici hanno una durata maggiore specificata nell\u2019elenco di seguito riportato. Non viene fatto uso di cookie per la trasmissione di informazioni di carattere personale. Non viene fatto uso di cookie di profilazione degli utenti.<\/p>\n<p><strong>3.3. Dati forniti volontariamente dall\u2019utente<\/strong><br>\nPer la consultazione del sito non \u00e8 richiesto alcun conferimento di dati personali da parte dell\u2019utente. Tuttavia, eventuali contatti con il Titolare, ad esempio per richiedere informazioni tramite un form, o l&#8217;invio spontaneo di messaggi, di posta elettronica o tradizionale, ai recapiti del Titolare comportano la successiva acquisizione di tali dati personali del mittente, necessari per rispondere alle richieste, nonch\u00e9 di eventuali altri dati personali inseriti volontariamente dall\u2019utente nelle relative comunicazioni (la comunicazione di dati personali relativi a un minore deve essere effettuata da parte di entrambi i genitori o da persona che eserciti la potest\u00e0 sul minore stesso).<\/p>\n<p><strong>4. FINALITA&#8217; E BASI GIURIDICHE DEL TRATTAMENTO<\/strong><br>\n4.1. Il Titolare esegue il Trattamento con la finalit\u00e0:<br>\n\u2022 a) PermetterLe la navigazione e l\u2019utilizzo dei servizi;<br>\n\u2022 b) eseguire i servizi o la prestazione richiesta;<br>\n\u2022 c) adempiere a obblighi amministrativi, finanziari, contabili e\/o fiscali;<br>\n\u2022 d) adempiere a qualunque obbligo previsto dalla legge e\/o un ordine della Pubblica Autorit\u00e0;<br>\n\u2022 e) eventualmente, per far valere o difendere un diritto in sede giudiziaria;<br>\n\u2022 f) i Suoi dati potranno inoltre essere trattati per effettuarLe comunicazioni di interesse pubblico o di pubblica utilit\u00e0;<br>\n4.2. Le basi giuridiche del Trattamento sono le seguenti:<br>\n\u2022 a) la necessit\u00e0 di consentirLe la navigazione e l\u2019accesso ai servizi Web richiesti, nonch\u00e9 per rendere il servizio stesso;<br>\n\u2022 b) eseguire quanto ai precedenti punti 4.1 a-f;<br>\n\u2022 c) il trattamento sia necessario per l&#8217;esecuzione di un compito di interesse pubblico o connesso all&#8217;esercizio di pubblici poteri di cui \u00e8 investito il Titolare del trattamento;<br>\n\u2022 d) eventuali dati fiscali: necessit\u00e0 di eseguire obblighi di cui ai precedenti punti 4.1 c-e.<\/p>\n<p><strong>5. COMUNICAZIONE AI DESTINATARI E DIFFUSIONE<\/strong><br>\n5.1. I Dati vengono eventualmente comunicati a destinatari terzi (compresa PA o Autorit\u00e0 Giudiziaria) solo nella misura strettamente necessaria in relazione alle finalit\u00e0 di cui sopra, o comunque per i soli adempimenti necessari per il Servizio, ovvero quelli di legge o per ordine dell\u2019Autorit\u00e0.<br>\n5.2. Le categorie di Destinatari sono le seguenti:<br>\n\u2022 a) soggetti necessari per l\u2019esecuzione delle attivit\u00e0 connesse e conseguenti all\u2019esecuzione dei servizi, legate da un accordo di trattamento dati (responsabili esterni ex art.28 GDPR);<br>\n\u2022 b) Incaricati e persone autorizzate dal Titolare che si siano impegnate alla riservatezza o abbiano un adeguato obbligo giuridico di riservatezza (es. dipendenti e collaboratori del Titolare);<br>\n5.3. Il Titolare potrebbe anche dover comunicare dati per adempiere ad obblighi di legge o per ottemperare ad ordini provenienti da pubbliche autorit\u00e0, inclusa l\u2019autorit\u00e0 giudiziaria.<br>\n5.4. I dati non saranno oggetto di diffusione.<\/p>\n<p><strong>6. PERIODO DI CONSERVAZIONE DEI DATI<\/strong><br>\n6.1. Il Titolare conserva i suoi Dati per il tempo strettamente necessario al raggiungimento delle Finalit\u00e0 di cui al punto 4.<br>\n6.2. Tali dati verranno eliminati nel momento in cui non risulteranno pi\u00f9 necessari per i fini sopra indicati, salvi ulteriori obblighi di conservazione previsti dalla legge.<\/p>\n<p><strong>7. NATURA DELLA COMUNICAZIONE DEI DATI<\/strong><br>\n7.1. La comunicazione dei dati personali di cui al punto 3.1 \u00e8 necessaria per la navigazione: il mancato conferimento potrebbe non connettere in rete sorgente e destinazione dei pacchetti.<br>\n7.2. La comunicazione dei dati personali di cui al punto 3.3 \u00e8 facoltativa.<\/p>\n<p><strong>8 CONSEGUENZA DEL RIFIUTO A COMUNICARE I DATI<\/strong><br>\n8.1. Come specificato al precedente punto 7.1, non \u00e8 tecnicamente possibile rifiutare di comunicare i dati di navigazione (nella misura in cui siano dati personali).<br>\n8.2 In caso di rifiuto a comunicare i Dati Personali di cui al punto 3.3 non sar\u00e0 possibile rispondere alle richieste e\/o rendere il servizio.<\/p>\n<p><strong>9. DIRITTI DELL&#8217;INTERESSATO<\/strong><br>\n9.1. Lei, come persona interessata, ha diritto di:<br>\na) accedere ai propri dati in possesso del Titolare e ottenerne copia;<br>\nb) chiederne la rettifica e\/o la cancellazione, ove e nei limiti in cui ricorrano i presupposti;<br>\nc) chiedere la Limitazione del Trattamento, ove e nei limiti in cui ricorrano i presupposti;<br>\nd) opporsi, per motivi connessi alla sua situazione particolare, al trattamento dei dati personali che lo riguardino.<br>\ne) proporre reclamo al Garante per la Protezione dei Dati Personali (www.garanteprivacy.it).<\/p>\n<p><strong>10. AGGIORNAMENTI DELLE INFORMAZIONI<\/strong><br>\n10.1. Le presenti informazioni si riferiscono alle modalit\u00e0 di trattamento dei dati personali dei visitatori durante la navigazione e l\u2019utilizzo dei servizi web. L\u2019eventuale entrata in vigore di nuove normative di settore, come anche il costante esame e aggiornamento del Servizio, potrebbero comportare la necessit\u00e0 di variare nel tempo tali modalit\u00e0. La invitiamo, pertanto, a consultare periodicamente questa pagina. A questo scopo il presente documento indica la data di aggiornamento.<\/p>\n<p><strong>11. IL RESPONSABILE PER LA PROTEZIONE DEI DATI<\/strong><br>\n10.1. L\u2019Ente Titolare ha un Responsabile della Protezione dei Dati del Titolare (anche \u201cRPD\u201d o \u201cDPO\u201d), che Lei pu\u00f2 contattare ai seguenti recapiti:&nbsp;<span id=\"cloak040bf2353fd9da473a82958a5218453e\"><a href=\"mailto:dpo@ingv.it\">dpo@ingv.it<\/a><\/span>&nbsp;e&nbsp;<span id=\"cloak76caac13c5d12212f9f8ff519d269833\"><a href=\"mailto:aoo.roma@pec.ingv.it\">aoo.roma@pec.ingv.it<\/a><\/span><\/p>\n<p>Ver. 2.0 Ultimo aggiornamento: 30 marzo 2022<\/p>\n<\/div>\t\t\t\t\t\t\t\t<\/div>\n\t\t\t\t<\/div>\n\t\t\t\t\t<\/div>\n\t\t<\/div>\n\t\t\t\t\t<\/div>\n\t\t<\/section>\n\t\t\t\t<\/div>\n\t\t","protected":false},"excerpt":{"rendered":"<p>Sharing and use of data:&nbsp;INGV Data Policy The contents published on these pages by Savemedcoasts2 are licensed under the&nbsp;Creative Commons Attribution 4.0 International License. Privacy policy:&nbsp;https:\/\/www.ingv.it\/it\/privacy<span class=\"excerpt-hellip\"> [\u2026]<\/span><\/p>\n","protected":false},"author":1,"featured_media":0,"parent":0,"menu_order":0,"comment_status":"closed","ping_status":"closed","template":"","meta":{"footnotes":""},"class_list":["post-2370","page","type-page","status-publish","hentry"],"_links":{"self":[{"href":"https:\/\/www.enrichproject.it\/en\/wp-json\/wp\/v2\/pages\/2370","targetHints":{"allow":["GET"]}}],"collection":[{"href":"https:\/\/www.enrichproject.it\/en\/wp-json\/wp\/v2\/pages"}],"about":[{"href":"https:\/\/www.enrichproject.it\/en\/wp-json\/wp\/v2\/types\/page"}],"author":[{"embeddable":true,"href":"https:\/\/www.enrichproject.it\/en\/wp-json\/wp\/v2\/users\/1"}],"replies":[{"embeddable":true,"href":"https:\/\/www.enrichproject.it\/en\/wp-json\/wp\/v2\/comments?post=2370"}],"version-history":[{"count":1,"href":"https:\/\/www.enrichproject.it\/en\/wp-json\/wp\/v2\/pages\/2370\/revisions"}],"predecessor-version":[{"id":2371,"href":"https:\/\/www.enrichproject.it\/en\/wp-json\/wp\/v2\/pages\/2370\/revisions\/2371"}],"wp:attachment":[{"href":"https:\/\/www.enrichproject.it\/en\/wp-json\/wp\/v2\/media?parent=2370"}],"curies":[{"name":"wp","href":"https:\/\/api.w.org\/{rel}","templated":true}]}}